{"id":14323,"date":"2021-06-03T10:19:15","date_gmt":"2021-06-03T10:19:15","guid":{"rendered":"https:\/\/blugardatours.de\/?post_type=product&#038;p=14323"},"modified":"2021-07-21T13:05:43","modified_gmt":"2021-07-21T13:05:43","slug":"fiera-del-tartufo-e-raccolta-delle-olive","status":"publish","type":"product","link":"https:\/\/blugardatours.de\/it\/tour\/fiera-del-tartufo-e-raccolta-delle-olive\/","title":{"rendered":"Fiera del Tartufo e Raccolta delle Olive"},"content":{"rendered":"<p>[vc_row pix_particles_check=&#8221;&#8221;][vc_column][vc_text_separator title=&#8221;Reiseroute&#8221; i_icon_fontawesome=&#8221;fas fa-map-signs&#8221; i_color=&#8221;custom&#8221; title_align=&#8221;separator_align_left&#8221; align=&#8221;align_left&#8221; color=&#8221;custom&#8221; add_icon=&#8221;true&#8221; accent_color=&#8221;#1e73be&#8221; i_custom_color=&#8221;#1e73be&#8221;][vc_column_text css=&#8221;.vc_custom_1623071504869{margin-bottom: 15px !important;}&#8221;]1 \u00b0 giorno: arrivo<\/p>\n<p>Arrivo in hotel dove sarete accolti dal nostro staff. Presentazione dell&#8217;hotel e del tour durante l\u2019aperitivo di benvenuto. Cena con men\u00f9 a scelta di 3 portate e buffet di insalate e antipasti.<\/p>\n<p>Giorno 2: Lucca e raccolta delle olive<\/p>\n<p>Dopo colazione ci dirigeremo verso Lucca, citt\u00e0 natale del famoso compositore Giacomo Puccini. Durante una passeggiata in citt\u00e0, esploriamo il centro storico, con i suoi piccoli vicoli, palazzi e chiese uniche. Successivamente ci dirigeremo verso una fattoria di ulivi. Raccolti con motrice e rimorchio, siamo ripresi tra gli uliveti che offrono scorci romantici su tutta la vallata. Un&#8217;esperienza unica! Mauro, il titolare \u00e8 riconosciuto come uno dei 5 migliori olivicoltori della Toscana e dona tutto il suo amore ai sublimi ulivi e ai loro preziosi frutti. Puoi dare un&#8217;occhiata alla raccolta delle olive e provare a raccogliere alcune olive dall&#8217;albero, se lo desideri.\u00a0Non possiamo andarcene prima di aver assaggiato qualche specialit\u00e0 della casa e ovviamente un buon bicchiere di vino! Rientro in hotel per la cena con men\u00f9 a scelta di 3 portate e buffet di insalate e antipasti.<\/p>\n<p>Giorno 3: Firenze e la zona del Chianti con degustazione di vini<\/p>\n<p>Oggi la nostra meta \u00e8 Firenze, il capoluogo della Toscana. Conosciuta come la culla del Rinascimento, la citt\u00e0 \u00e8 famosa nel mondo per i suoi tesori artistici. Sulle orme della famiglia Medici, esploriamo i luoghi pi\u00f9 famosi: la cattedrale con la fantastica cupola, il Ponte Vecchio, il Palazzo Vecchio e molto altro ancora. Firenze \u00e8 come un museo a cielo aperto.\u00a0Tempo a disposizione. Passiamo dal famoso belvedere Piazzale Michelangelo mentre guidiamo in direzione della regione del Chianti e dei suoi paesaggi unici di cipressi e vigneti. \u00c8 qui che viene coltivata la famosa uva Sangiovese che conferisce al vino Chianti il \u200b\u200bsuo gusto speciale: Chianti classico, Chianti riserva, il vino con il gallo nero.\u00a0Ci fermiamo per una degustazione con i migliori vini della regione e prelibatezze culinarie come bruschette, pecorino, prosciutto.\u00a0Dopo una pausa cos\u00ec autentica e rilassante, stiamo tornando in hotel\u00a0Cena con men\u00f9 a scelta di 3 portate e buffet di insalate e antipasti.<\/p>\n<p>Giorno 4: Sagra del tartufo a San Miniato<\/p>\n<p>Oggi \u00e8 la pi\u00f9 grande festa del tartufo in Toscana! Gli amanti del tartufo da tutto il mondo vengono a San Miniato, un piccolo borgo medievale sulla collina, dove \u00e8 stato trovato il pi\u00f9 grande tartufo bianco di tutti i tempi!\u00a0Passeggiando tra le numerose bancarelle sparse per la citt\u00e0, potrete assaggiare, provare e acquistare non solo tartufi in tutte le varianti, ma anche specialit\u00e0 locali come pecorino, salame, prosciutto e ovviamente dolci. Speciali prelibatezze al tartufo vengono offerte nei bar della citt\u00e0.\u00a0Tempo libero per degustare, festeggiare e ammirare questa tipica fiera locale.\u00a0Rientro in hotel per un fantastico men\u00f9 con specialit\u00e0 al tartufo.<\/p>\n<p>5 \u00b0 giorno &#8211; Partenza<\/p>\n<p>Dopo colazione \u00e8 ora di salutarci!<\/p>\n<p>ARRIVEDERCI[\/vc_column_text][vc_text_separator title=&#8221;Leistungen inkl.&#8221; i_icon_fontawesome=&#8221;fas fa-star&#8221; i_color=&#8221;custom&#8221; title_align=&#8221;separator_align_left&#8221; align=&#8221;align_left&#8221; color=&#8221;custom&#8221; add_icon=&#8221;true&#8221; accent_color=&#8221;#1e73be&#8221; i_custom_color=&#8221;#1e73be&#8221;][vc_column_text css=&#8221;.vc_custom_1623071541657{margin-bottom: 15px !important;}&#8221;]Saluto e assistenza da parte del nostro personale<\/p>\n<p>Drink di benvenuto<\/p>\n<p>4x Pernottamento<\/p>\n<p>4x colazione a buffet varia e abbondante<\/p>\n<p>3 cene di 3 portate con men\u00f9 a scelta<\/p>\n<p>4x buffet di insalate e antipasti<\/p>\n<p>1 Cena con specialit\u00e0 al tartufo<\/p>\n<p>Visita alla sagra del tartufo a San Miniato<\/p>\n<p>Trasferimento in trattore alla fattoria degli ulivi<\/p>\n<p>Raccolta delle olive con pranzo leggero e vino<\/p>\n<p>Degustazione di vini e pranzo leggero nella regione del Chianti[\/vc_column_text][vc_text_separator title=&#8221;Nicht inkl.&#8221; i_icon_fontawesome=&#8221;far fa-star&#8221; i_color=&#8221;custom&#8221; title_align=&#8221;separator_align_left&#8221; align=&#8221;align_left&#8221; color=&#8221;custom&#8221; add_icon=&#8221;true&#8221; accent_color=&#8221;#1e73be&#8221; i_custom_color=&#8221;#1e73be&#8221;][vc_column_text css=&#8221;.vc_custom_1623071573013{margin-bottom: 15px !important;}&#8221;]Guide e tour della citt\u00e0<\/p>\n<p>Tariffe di parcheggio e pedaggio cittadino, se applicabile<\/p>\n<p>Tutto ci\u00f2 che non \u00e8 compreso nei Servizi[\/vc_column_text][vc_text_separator title=&#8221;Termine&#8221; i_icon_fontawesome=&#8221;far fa-calendar-alt&#8221; i_color=&#8221;custom&#8221; title_align=&#8221;separator_align_left&#8221; color=&#8221;custom&#8221; add_icon=&#8221;true&#8221; accent_color=&#8221;#1e73be&#8221; i_custom_color=&#8221;#1e73be&#8221;][vc_column_text css=&#8221;.vc_custom_1611749329906{margin-bottom: 15px !important;}&#8221;]<strong>November<\/strong>[\/vc_column_text][vc_text_separator title=&#8221;Zus\u00e4tzliche Information&#8221; i_icon_fontawesome=&#8221;fas fa-exclamation&#8221; i_color=&#8221;custom&#8221; title_align=&#8221;separator_align_left&#8221; color=&#8221;custom&#8221; add_icon=&#8221;true&#8221; accent_color=&#8221;#1e73be&#8221; i_custom_color=&#8221;#1e73be&#8221;][vc_column_text]Prezzi su richiesta<\/p>\n<p>Questo programma \u00e8 solo un suggerimento, tutte le nostre offerte sono su misura in base alle rispettive esigenze del cliente.<\/p>\n<p>Min. numero di partecipanti: 20 pax<\/p>\n<p>Tutti i nostri servizi sono svolti in assoluta sicurezza secondo le vigenti normative Covid-19.[\/vc_column_text][\/vc_column][\/vc_row]<\/p>\n","protected":false},"excerpt":{"rendered":"<p>Due esperienze uniche nel tardo autunno: la sagra del tartufo a San Miniato e la raccolta delle olive nell&#8217;entroterra toscano.<\/p>\n<p>Sistemazione in un ottimo hotel 4 **** a Montecatini Terme, ottima posizione nel centro della citt\u00e0, ideale per fare shopping o passeggiare.<\/p>\n<p>&nbsp;<\/p>\n","protected":false},"featured_media":13868,"template":"","meta":{"_monsterinsights_skip_tracking":false,"_monsterinsights_sitenote_active":false,"_monsterinsights_sitenote_note":"","_monsterinsights_sitenote_category":0},"product_cat":[29],"product_tag":[143,155,169,146],"class_list":["post-14323","product","type-product","status-publish","has-post-thumbnail","hentry","product_cat-gardasee","product_tag-4-vertragshotel-en","product_tag-olivenernte-en","product_tag-trueffelfest-en","product_tag-toskana-en"],"acf":[],"yoast_head":"<!-- This site is optimized with the Yoast SEO plugin v18.1 - https:\/\/yoast.com\/wordpress\/plugins\/seo\/ -->\n<title>Fiera del Tartufo e Raccolta delle Olive - Blu Garda Tours<\/title>\n<meta name=\"robots\" content=\"index, follow, max-snippet:-1, max-image-preview:large, max-video-preview:-1\" \/>\n<link rel=\"canonical\" href=\"https:\/\/blugardatours.de\/it\/tour\/fiera-del-tartufo-e-raccolta-delle-olive\/\" \/>\n<meta property=\"og:locale\" content=\"it_IT\" \/>\n<meta property=\"og:type\" content=\"article\" \/>\n<meta property=\"og:title\" content=\"Fiera del Tartufo e Raccolta delle Olive - Blu Garda Tours\" \/>\n<meta property=\"og:description\" content=\"Due esperienze uniche nel tardo autunno: la sagra del tartufo a San Miniato e la raccolta delle olive nell&#039;entroterra toscano.  Sistemazione in un ottimo hotel 4 **** a Montecatini Terme, ottima posizione nel centro della citt\u00e0, ideale per fare shopping o passeggiare.  &nbsp;\" \/>\n<meta property=\"og:url\" content=\"https:\/\/blugardatours.de\/it\/tour\/fiera-del-tartufo-e-raccolta-delle-olive\/\" \/>\n<meta property=\"og:site_name\" content=\"Blu Garda Tours\" \/>\n<meta property=\"article:modified_time\" content=\"2021-07-21T13:05:43+00:00\" \/>\n<meta property=\"og:image\" content=\"https:\/\/blugardatours.de\/wp-content\/uploads\/2021\/01\/Copertina_Trueffelfest-und-Olivenernte-Toskana.jpg\" \/>\n\t<meta property=\"og:image:width\" content=\"800\" \/>\n\t<meta property=\"og:image:height\" content=\"531\" \/>\n\t<meta property=\"og:image:type\" content=\"image\/jpeg\" \/>\n<meta name=\"twitter:card\" content=\"summary_large_image\" \/>\n<meta name=\"twitter:label1\" content=\"Tempo di lettura stimato\" \/>\n\t<meta name=\"twitter:data1\" content=\"3 minuti\" \/>\n<script type=\"application\/ld+json\" class=\"yoast-schema-graph\">{\"@context\":\"https:\/\/schema.org\",\"@graph\":[{\"@type\":\"WebSite\",\"@id\":\"https:\/\/darkorchid-leopard-910628.hostingersite.com\/#website\",\"url\":\"https:\/\/darkorchid-leopard-910628.hostingersite.com\/\",\"name\":\"Blu Garda Tours\",\"description\":\"Gruppenreisen in Italien\",\"potentialAction\":[{\"@type\":\"SearchAction\",\"target\":{\"@type\":\"EntryPoint\",\"urlTemplate\":\"https:\/\/darkorchid-leopard-910628.hostingersite.com\/?s={search_term_string}\"},\"query-input\":\"required name=search_term_string\"}],\"inLanguage\":\"it-IT\"},{\"@type\":\"ImageObject\",\"@id\":\"https:\/\/blugardatours.de\/it\/tour\/fiera-del-tartufo-e-raccolta-delle-olive\/#primaryimage\",\"inLanguage\":\"it-IT\",\"url\":\"https:\/\/blugardatours.de\/wp-content\/uploads\/2021\/01\/Copertina_Trueffelfest-und-Olivenernte-Toskana.jpg\",\"contentUrl\":\"https:\/\/blugardatours.de\/wp-content\/uploads\/2021\/01\/Copertina_Trueffelfest-und-Olivenernte-Toskana.jpg\",\"width\":800,\"height\":531},{\"@type\":\"WebPage\",\"@id\":\"https:\/\/blugardatours.de\/it\/tour\/fiera-del-tartufo-e-raccolta-delle-olive\/#webpage\",\"url\":\"https:\/\/blugardatours.de\/it\/tour\/fiera-del-tartufo-e-raccolta-delle-olive\/\",\"name\":\"Fiera del Tartufo e Raccolta delle Olive - Blu Garda Tours\",\"isPartOf\":{\"@id\":\"https:\/\/darkorchid-leopard-910628.hostingersite.com\/#website\"},\"primaryImageOfPage\":{\"@id\":\"https:\/\/blugardatours.de\/it\/tour\/fiera-del-tartufo-e-raccolta-delle-olive\/#primaryimage\"},\"datePublished\":\"2021-06-03T10:19:15+00:00\",\"dateModified\":\"2021-07-21T13:05:43+00:00\",\"breadcrumb\":{\"@id\":\"https:\/\/blugardatours.de\/it\/tour\/fiera-del-tartufo-e-raccolta-delle-olive\/#breadcrumb\"},\"inLanguage\":\"it-IT\",\"potentialAction\":[{\"@type\":\"ReadAction\",\"target\":[\"https:\/\/blugardatours.de\/it\/tour\/fiera-del-tartufo-e-raccolta-delle-olive\/\"]}]},{\"@type\":\"BreadcrumbList\",\"@id\":\"https:\/\/blugardatours.de\/it\/tour\/fiera-del-tartufo-e-raccolta-delle-olive\/#breadcrumb\",\"itemListElement\":[{\"@type\":\"ListItem\",\"position\":1,\"name\":\"Home\",\"item\":\"https:\/\/blugardatours.de\/it\/\"},{\"@type\":\"ListItem\",\"position\":2,\"name\":\"Our Tours\",\"item\":\"https:\/\/blugardatours.de\/tour\/\"},{\"@type\":\"ListItem\",\"position\":3,\"name\":\"Fiera del Tartufo e Raccolta delle Olive\"}]}]}<\/script>\n<!-- \/ Yoast SEO plugin. -->","yoast_head_json":{"title":"Fiera del Tartufo e Raccolta delle Olive - Blu Garda Tours","robots":{"index":"index","follow":"follow","max-snippet":"max-snippet:-1","max-image-preview":"max-image-preview:large","max-video-preview":"max-video-preview:-1"},"canonical":"https:\/\/blugardatours.de\/it\/tour\/fiera-del-tartufo-e-raccolta-delle-olive\/","og_locale":"it_IT","og_type":"article","og_title":"Fiera del Tartufo e Raccolta delle Olive - Blu Garda Tours","og_description":"Due esperienze uniche nel tardo autunno: la sagra del tartufo a San Miniato e la raccolta delle olive nell'entroterra toscano.  Sistemazione in un ottimo hotel 4 **** a Montecatini Terme, ottima posizione nel centro della citt\u00e0, ideale per fare shopping o passeggiare.  &nbsp;","og_url":"https:\/\/blugardatours.de\/it\/tour\/fiera-del-tartufo-e-raccolta-delle-olive\/","og_site_name":"Blu Garda Tours","article_modified_time":"2021-07-21T13:05:43+00:00","og_image":[{"width":800,"height":531,"url":"https:\/\/blugardatours.de\/wp-content\/uploads\/2021\/01\/Copertina_Trueffelfest-und-Olivenernte-Toskana.jpg","type":"image\/jpeg"}],"twitter_card":"summary_large_image","twitter_misc":{"Tempo di lettura stimato":"3 minuti"},"schema":{"@context":"https:\/\/schema.org","@graph":[{"@type":"WebSite","@id":"https:\/\/darkorchid-leopard-910628.hostingersite.com\/#website","url":"https:\/\/darkorchid-leopard-910628.hostingersite.com\/","name":"Blu Garda Tours","description":"Gruppenreisen in Italien","potentialAction":[{"@type":"SearchAction","target":{"@type":"EntryPoint","urlTemplate":"https:\/\/darkorchid-leopard-910628.hostingersite.com\/?s={search_term_string}"},"query-input":"required name=search_term_string"}],"inLanguage":"it-IT"},{"@type":"ImageObject","@id":"https:\/\/blugardatours.de\/it\/tour\/fiera-del-tartufo-e-raccolta-delle-olive\/#primaryimage","inLanguage":"it-IT","url":"https:\/\/blugardatours.de\/wp-content\/uploads\/2021\/01\/Copertina_Trueffelfest-und-Olivenernte-Toskana.jpg","contentUrl":"https:\/\/blugardatours.de\/wp-content\/uploads\/2021\/01\/Copertina_Trueffelfest-und-Olivenernte-Toskana.jpg","width":800,"height":531},{"@type":"WebPage","@id":"https:\/\/blugardatours.de\/it\/tour\/fiera-del-tartufo-e-raccolta-delle-olive\/#webpage","url":"https:\/\/blugardatours.de\/it\/tour\/fiera-del-tartufo-e-raccolta-delle-olive\/","name":"Fiera del Tartufo e Raccolta delle Olive - Blu Garda Tours","isPartOf":{"@id":"https:\/\/darkorchid-leopard-910628.hostingersite.com\/#website"},"primaryImageOfPage":{"@id":"https:\/\/blugardatours.de\/it\/tour\/fiera-del-tartufo-e-raccolta-delle-olive\/#primaryimage"},"datePublished":"2021-06-03T10:19:15+00:00","dateModified":"2021-07-21T13:05:43+00:00","breadcrumb":{"@id":"https:\/\/blugardatours.de\/it\/tour\/fiera-del-tartufo-e-raccolta-delle-olive\/#breadcrumb"},"inLanguage":"it-IT","potentialAction":[{"@type":"ReadAction","target":["https:\/\/blugardatours.de\/it\/tour\/fiera-del-tartufo-e-raccolta-delle-olive\/"]}]},{"@type":"BreadcrumbList","@id":"https:\/\/blugardatours.de\/it\/tour\/fiera-del-tartufo-e-raccolta-delle-olive\/#breadcrumb","itemListElement":[{"@type":"ListItem","position":1,"name":"Home","item":"https:\/\/blugardatours.de\/it\/"},{"@type":"ListItem","position":2,"name":"Our Tours","item":"https:\/\/blugardatours.de\/tour\/"},{"@type":"ListItem","position":3,"name":"Fiera del Tartufo e Raccolta delle Olive"}]}]}},"_links":{"self":[{"href":"https:\/\/blugardatours.de\/it\/wp-json\/wp\/v2\/product\/14323","targetHints":{"allow":["GET"]}}],"collection":[{"href":"https:\/\/blugardatours.de\/it\/wp-json\/wp\/v2\/product"}],"about":[{"href":"https:\/\/blugardatours.de\/it\/wp-json\/wp\/v2\/types\/product"}],"wp:featuredmedia":[{"embeddable":true,"href":"https:\/\/blugardatours.de\/it\/wp-json\/wp\/v2\/media\/13868"}],"wp:attachment":[{"href":"https:\/\/blugardatours.de\/it\/wp-json\/wp\/v2\/media?parent=14323"}],"wp:term":[{"taxonomy":"product_cat","embeddable":true,"href":"https:\/\/blugardatours.de\/it\/wp-json\/wp\/v2\/product_cat?post=14323"},{"taxonomy":"product_tag","embeddable":true,"href":"https:\/\/blugardatours.de\/it\/wp-json\/wp\/v2\/product_tag?post=14323"}],"curies":[{"name":"wp","href":"https:\/\/api.w.org\/{rel}","templated":true}]}}