{"id":14252,"date":"2021-05-19T09:28:18","date_gmt":"2021-05-19T09:28:17","guid":{"rendered":"https:\/\/blugardatours.de\/?post_type=product&#038;p=14252"},"modified":"2021-06-03T10:03:03","modified_gmt":"2021-06-03T10:03:03","slug":"estate-toscana","status":"publish","type":"product","link":"https:\/\/blugardatours.de\/it\/tour\/estate-toscana\/","title":{"rendered":"Estate in Toscana"},"content":{"rendered":"<p>[vc_row pix_particles_check=&#8221;&#8221;][vc_column][vc_text_separator title=&#8221;Itinerary&#8221; i_icon_fontawesome=&#8221;fas fa-map-signs&#8221; i_color=&#8221;custom&#8221; title_align=&#8221;separator_align_left&#8221; align=&#8221;align_left&#8221; color=&#8221;custom&#8221; add_icon=&#8221;true&#8221; accent_color=&#8221;#1e73be&#8221; i_custom_color=&#8221;#1e73be&#8221;][vc_column_text css=&#8221;.vc_custom_1622201670192{margin-bottom: 15px !important;}&#8221;]<b>Girno 1 &#8211; Arrivo<\/b><\/p>\n<p>Arrivo in hotel e saluto del nostro personale. Presentazione dell&#8217;hotel e dell&#8217;itinerario intorno a un drink di benvenuto. Cena con buffet di insalate e antipasti e men\u00f9 di 3 portate a scelta.<\/p>\n<p><strong>Giorno 2<\/strong> &#8211; <strong>San Gimignano con pranzo in una tenuta vinicola<\/strong><\/p>\n<p>Sulla strada per San Gimignano, la pedalata \u00e8 un&#8217;esperienza per i sensi. Incastonata tra vigneti e uliveti, la citt\u00e0 delle torri sporge come uno stupendo castello da un libro di favole.<\/p>\n<p>Grazie alla sua posizione strategica sulla pi\u00f9 importante rotta commerciale verso l&#8217;Oriente nel Medioevo, San Gimignano fior\u00ec grazie al commercio della Vernaccia, delle spezie e soprattutto dello zafferano. Oggi le 14 torri rimaste (su 72!) Sono testimonianze delle famiglie nobili che gareggiarono per dimostrare il proprio potere e ricchezza e valsero a San Gimignano il soprannome di \u201cla Manhattan del Medioevo\u201d.\u00a0Prenditi il \u200b\u200btempo per apprezzare il meraviglioso paesaggio, magari con un bicchiere di vino Vernaccia ghiacciato o il miglior gelato del mondo, dal campione di gelato Dondoli.\u00a0Sulla via del ritorno in hotel, ci fermiamo in una graziosa cantina per gustare gli ottimi vini e le specialit\u00e0 regionali seduti all&#8217;ombra degli alberi e affacciati sui meravigliosi paesaggi della regione del Chianti.\u00a0Rientro in hotel, cena con buffet di insalate e antipasti e men\u00f9 di 3 portate a scelta.<\/p>\n<p><b>Giorno 3 &#8211;<\/b> <b>Lerici e Portovenere con Pullmann e battello<\/b><\/p>\n<p>Durante il nostro viaggio verso la costa orientale ligure, guidiamo oltre la Versilia mostrando splendide viste sulle Alpi Apuane, famose in tutto il mondo per il suo marmo di Carrara. Avvicinandoci a Lerici, abbiamo una vista mozzafiato sul Golfo di La Spezia e su Lerici. Seguiamo il bellissimo sentiero panoramico e arriviamo al molo. Da l\u00ec una barca ci porta all&#8217;incantevole borgo di Portovenere, patrimonio dell&#8217;umanit\u00e0. Edificata su un tempio di Venere, sporge dalla roccia la piccola chiesa di San Pietro. Le caratteristiche case a torre dai colori vivaci adornano il lungomare. Torniamo in nave a Lerici,\u00a0dove ci aspetta il pullman. Rientro in hotel per la cena con buffet di insalate e antipasti e men\u00f9 di 3 portate a scelta.<\/p>\n<p><b>Giorno 4 &#8211; Giornata libera oppure mezza giornata a Montecatini Alto<\/b><\/p>\n<p>Prendiamo la funicolare di oltre 100 anni da Montecatini Terme a Montecatini Alto. I panorami dalla funicolare sono fantastici e abbracciano l&#8217;intera valle di Nievole. Una volta in cima, puoi esplorare la parte storica di Montecatini con una breve passeggiata. La chiesetta e la caratteristica piazza con tanti ristorantini e trattorie. Puoi goderti un bicchiere di vino o un pasto come desideri. La funicolare funziona quasi fino a mezzanotte, il che ti d\u00e0 la possibilit\u00e0 di godere di una splendida vista delle luci di Montecatini Terme la sera. Rientro in hotel, cena con buffet di insalate e antipasti e men\u00f9 di 3 portate a scelta.<\/p>\n<p><b>Giorno 5 &#8211;\u00a0<\/b><strong>Isola d&#8217;Elba in traghetto e pullman con possibilit\u00e0 di balneazione <\/strong><\/p>\n<p>Oggi andiamo in una delle isole pi\u00f9 belle del Mediterraneo.\u00a0Dopo la colazione, ci dirigiamo a sud verso la citt\u00e0 portuale di Piombino e ci imbarchiamo su un traghetto per l&#8217;isola d&#8217;Elba, a 10 km. Attracchiamo a Portoferraio all&#8217;isola d&#8217;Elba. A ridosso delle imponenti fortezze dei Medici, possiamo ammirare il porto. Si prosegue in pullman per un giro dell&#8217;isola. Con bellissime baie e spiagge e mare turchese, l&#8217;Elba \u00e8 soprattutto un paradiso per sub, snorkelisti ed escursionisti, per intenditori e buongustai! Ci fermiamo per una nuotata per ricaricarci di energia e sole. \u00c8 ora di prendere il traghetto per tornare sulla terraferma e poi l&#8217;autobus per l&#8217;hotel al tramonto. Cena con buffet di insalate e antipasti e men\u00f9 di 3 portate a scelta.<\/p>\n<p><b>Giorno 6 &#8211;<\/b> <b>Pietrasanta e la costa della Versilia<\/b><\/p>\n<p>Trasferimento in pullman fino a Pietrasanta. Questa\u00a0piccola \u201ccitt\u00e0 degli artisti\u201d, a soli 4 km dalla costa, \u00e8 stata la culla dell&#8217;arte sin dalla creazione di Michelangelo e della locale accademia d&#8217;arte nel XVIII secolo. Ancora oggi \u00e8 teatro di mostre ed eventi internazionali. C&#8217;\u00e8 molto da scoprire durante una breve passeggiata. Artisti, viaggiatori e gente del posto si incontrano in piazza per un cappuccino o un aperitivo.\u00a0La costa della Versilia \u00e8 rinomata per la sua affascinante localit\u00e0 balneare come una delle mete di vacanza pi\u00f9 popolari per l&#8217;alta societ\u00e0 italiana. L&#8217;ampia spiaggia di sabbia \u00e8 fiancheggiata da ombrelloni colorati e lettini. Abbiamo prenotato un posto appositamente per te per rilassarti. I numerosi bar sulla spiaggia sono un invito a gustare uno spuntino, pesce fresco, buon vino. Mentre il sole tramonta nel mare, \u00e8 ora di tornare in hotel per un aperitivo con stuzzichini. Cena con buffet di insalate e antipasti e cena tipica toscana.<\/p>\n<p><b>Giorno 7 \u2013 Partenza<\/b><\/p>\n<p><span style=\"font-weight: 400;\">Dopo la colazione, \u00e8 il momento dei saluti\u00a0<\/span><\/p>\n<p><b>ARRIVEDERCI!<\/b>[\/vc_column_text][vc_text_separator title=&#8221;Services included&#8221; i_icon_fontawesome=&#8221;fas fa-star&#8221; i_color=&#8221;custom&#8221; title_align=&#8221;separator_align_left&#8221; align=&#8221;align_left&#8221; color=&#8221;custom&#8221; add_icon=&#8221;true&#8221; accent_color=&#8221;#1e73be&#8221; i_custom_color=&#8221;#1e73be&#8221;][vc_column_text css=&#8221;.vc_custom_1622201384809{margin-bottom: 15px !important;}&#8221;]Saluto e assistenza da parte del nostro personale<\/p>\n<p>Drink di benvenuto<\/p>\n<p>5\/6 \/ 7x Pernottamento<\/p>\n<p>5\/6 \/ 7x colazione a buffet varia e abbondante<\/p>\n<p>Cena 4\/5 \/ 6x 3 portate con men\u00f9 a scelta<\/p>\n<p>5\/6 \/ 7x insalata e buffet di antipasti<\/p>\n<p>1x Cena con specialit\u00e0 locali in hotel<\/p>\n<p>1x Bevande e stuzzichini in hotel<\/p>\n<p>Degustazione di vini e specialit\u00e0 locali presso una cantina<\/p>\n<p>Ritorno in battello Lerici- Portovenere -Lerici<\/p>\n<p>Giornata al lido in spiaggia sulla costa della Versilia, comprensiva di lettino e ombrellone[\/vc_column_text][vc_text_separator title=&#8221;Services not included&#8221; i_icon_fontawesome=&#8221;far fa-star&#8221; i_color=&#8221;custom&#8221; title_align=&#8221;separator_align_left&#8221; align=&#8221;align_left&#8221; color=&#8221;custom&#8221; add_icon=&#8221;true&#8221; accent_color=&#8221;#1e73be&#8221; i_custom_color=&#8221;#1e73be&#8221;][vc_column_text css=&#8221;.vc_custom_1622201444352{margin-bottom: 15px !important;}&#8221;]Guide e tour della citt\u00e0<\/p>\n<p>Tariffe di parcheggio e pedaggio cittadino, se applicabile<\/p>\n<p>Traghetto per l&#8217;Elba (il prezzo sar\u00e0 confermato al momento della prenotazione)<\/p>\n<p>Tutto ci\u00f2 che non \u00e8 compreso nei Servizi[\/vc_column_text][vc_text_separator title=&#8221;Travel dates&#8221; i_icon_fontawesome=&#8221;far fa-calendar-alt&#8221; i_color=&#8221;custom&#8221; title_align=&#8221;separator_align_left&#8221; color=&#8221;custom&#8221; add_icon=&#8221;true&#8221; accent_color=&#8221;#1e73be&#8221; i_custom_color=&#8221;#1e73be&#8221;][vc_column_text css=&#8221;.vc_custom_1622714423190{margin-bottom: 15px !important;}&#8221;]01.07. \u2013 07.07.21<br \/>\n11.07. \u2013 18.07.21<br \/>\n27.07. \u2013 01.08.21<br \/>\n01.08. \u2013 07.08.21<br \/>\n07.08. \u2013 13.08.21[\/vc_column_text][vc_text_separator title=&#8221;Additional information&#8221; i_icon_fontawesome=&#8221;fas fa-exclamation&#8221; i_color=&#8221;custom&#8221; title_align=&#8221;separator_align_left&#8221; color=&#8221;custom&#8221; add_icon=&#8221;true&#8221; accent_color=&#8221;#1e73be&#8221; i_custom_color=&#8221;#1e73be&#8221;][vc_column_text]Questo programma \u00e8 solo un suggerimento, tutte le nostre offerte sono pensate su misura in base alle tue esigenze. Ad esempio consigliamo vivamente una visita a Firenze e alla Galleria degli Uffizi.<\/p>\n<p>Min. numero di partecipanti: 20 pax<\/p>\n<p>Tutti i nostri servizi sono svolti in assoluta sicurezza secondo le vigenti normative Covid-19.<\/p>\n<p>In caso di limitazioni di viaggio, non verranno addebitati costi di cancellazione![\/vc_column_text][\/vc_column][\/vc_row]<\/p>\n","protected":false},"excerpt":{"rendered":"<p><strong>Un&#8217;estate in Toscana \u00e8 un invito a godersi la vita.<\/strong><\/p>\n<p>I paesaggi vividi, gli immensi campi di girasoli in piena fioritura, i tipici profumi mediterranei carichi di oleandri, gelsomini, rose e le erbe selvatiche della macchia mediterranea.<\/p>\n<p>\u2026 Il pittoresco entroterra e poi assaggiare le prelibatezze locali all&#8217;ombra degli alberi in un vigneto.<\/p>\n<p>\u2026 Alcune delle spiagge pi\u00f9 belle d&#8217;Italia e uno dei luoghi di vacanza preferiti dell&#8217;alta societ\u00e0 italiana.<\/p>\n<p>\u2026 Gallerie d&#8217;arte visitabili in pace e tranquillit\u00e0 durante i mesi estivi.<\/p>\n<p>Sistemazione in ottimo hotel 4 * a Montecatini Terme con tutte le camere rinnovate! Posizione perfetta in centro ideale per fare shopping e passeggiare ea pochi passi dalle famose terme di Montecatini<\/p>\n","protected":false},"featured_media":14760,"template":"","meta":{"_monsterinsights_skip_tracking":false,"_monsterinsights_sitenote_active":false,"_monsterinsights_sitenote_note":"","_monsterinsights_sitenote_category":0},"product_cat":[29],"product_tag":[],"class_list":["post-14252","product","type-product","status-publish","has-post-thumbnail","hentry","product_cat-gardasee"],"acf":[],"yoast_head":"<!-- This site is optimized with the Yoast SEO plugin v18.1 - https:\/\/yoast.com\/wordpress\/plugins\/seo\/ -->\n<title>Estate in Toscana - Blu Garda Tours<\/title>\n<meta name=\"robots\" content=\"index, follow, max-snippet:-1, max-image-preview:large, max-video-preview:-1\" \/>\n<link rel=\"canonical\" href=\"https:\/\/blugardatours.de\/it\/tour\/estate-toscana\/\" \/>\n<meta property=\"og:locale\" content=\"it_IT\" \/>\n<meta property=\"og:type\" content=\"article\" \/>\n<meta property=\"og:title\" content=\"Estate in Toscana - Blu Garda Tours\" \/>\n<meta property=\"og:description\" content=\"Un&#039;estate in Toscana \u00e8 un invito a godersi la vita.  I paesaggi vividi, gli immensi campi di girasoli in piena fioritura, i tipici profumi mediterranei carichi di oleandri, gelsomini, rose e le erbe selvatiche della macchia mediterranea.  \u2026 Il pittoresco entroterra e poi assaggiare le prelibatezze locali all&#039;ombra degli alberi in un vigneto.  \u2026 Alcune delle spiagge pi\u00f9 belle d&#039;Italia e uno dei luoghi di vacanza preferiti dell&#039;alta societ\u00e0 italiana.  \u2026 Gallerie d&#039;arte visitabili in pace e tranquillit\u00e0 durante i mesi estivi.  Sistemazione in ottimo hotel 4 * a Montecatini Terme con tutte le camere rinnovate! Posizione perfetta in centro ideale per fare shopping e passeggiare ea pochi passi dalle famose terme di Montecatini\" \/>\n<meta property=\"og:url\" content=\"https:\/\/blugardatours.de\/it\/tour\/estate-toscana\/\" \/>\n<meta property=\"og:site_name\" content=\"Blu Garda Tours\" \/>\n<meta property=\"article:modified_time\" content=\"2021-06-03T10:03:03+00:00\" \/>\n<meta property=\"og:image\" content=\"https:\/\/blugardatours.de\/wp-content\/uploads\/2021\/05\/prosecco-strasse.jpg\" \/>\n\t<meta property=\"og:image:width\" content=\"933\" \/>\n\t<meta property=\"og:image:height\" content=\"699\" \/>\n\t<meta property=\"og:image:type\" content=\"image\/jpeg\" \/>\n<meta name=\"twitter:card\" content=\"summary_large_image\" \/>\n<meta name=\"twitter:label1\" content=\"Tempo di lettura stimato\" \/>\n\t<meta name=\"twitter:data1\" content=\"5 minuti\" \/>\n<script type=\"application\/ld+json\" class=\"yoast-schema-graph\">{\"@context\":\"https:\/\/schema.org\",\"@graph\":[{\"@type\":\"WebSite\",\"@id\":\"https:\/\/darkorchid-leopard-910628.hostingersite.com\/#website\",\"url\":\"https:\/\/darkorchid-leopard-910628.hostingersite.com\/\",\"name\":\"Blu Garda Tours\",\"description\":\"Gruppenreisen in Italien\",\"potentialAction\":[{\"@type\":\"SearchAction\",\"target\":{\"@type\":\"EntryPoint\",\"urlTemplate\":\"https:\/\/darkorchid-leopard-910628.hostingersite.com\/?s={search_term_string}\"},\"query-input\":\"required name=search_term_string\"}],\"inLanguage\":\"it-IT\"},{\"@type\":\"ImageObject\",\"@id\":\"https:\/\/blugardatours.de\/it\/tour\/estate-toscana\/#primaryimage\",\"inLanguage\":\"it-IT\",\"url\":\"https:\/\/blugardatours.de\/wp-content\/uploads\/2021\/05\/prosecco-strasse.jpg\",\"contentUrl\":\"https:\/\/blugardatours.de\/wp-content\/uploads\/2021\/05\/prosecco-strasse.jpg\",\"width\":933,\"height\":699},{\"@type\":\"WebPage\",\"@id\":\"https:\/\/blugardatours.de\/it\/tour\/estate-toscana\/#webpage\",\"url\":\"https:\/\/blugardatours.de\/it\/tour\/estate-toscana\/\",\"name\":\"Estate in Toscana - Blu Garda Tours\",\"isPartOf\":{\"@id\":\"https:\/\/darkorchid-leopard-910628.hostingersite.com\/#website\"},\"primaryImageOfPage\":{\"@id\":\"https:\/\/blugardatours.de\/it\/tour\/estate-toscana\/#primaryimage\"},\"datePublished\":\"2021-05-19T09:28:17+00:00\",\"dateModified\":\"2021-06-03T10:03:03+00:00\",\"breadcrumb\":{\"@id\":\"https:\/\/blugardatours.de\/it\/tour\/estate-toscana\/#breadcrumb\"},\"inLanguage\":\"it-IT\",\"potentialAction\":[{\"@type\":\"ReadAction\",\"target\":[\"https:\/\/blugardatours.de\/it\/tour\/estate-toscana\/\"]}]},{\"@type\":\"BreadcrumbList\",\"@id\":\"https:\/\/blugardatours.de\/it\/tour\/estate-toscana\/#breadcrumb\",\"itemListElement\":[{\"@type\":\"ListItem\",\"position\":1,\"name\":\"Home\",\"item\":\"https:\/\/blugardatours.de\/it\/\"},{\"@type\":\"ListItem\",\"position\":2,\"name\":\"Our Tours\",\"item\":\"https:\/\/blugardatours.de\/tour\/\"},{\"@type\":\"ListItem\",\"position\":3,\"name\":\"Estate in Toscana\"}]}]}<\/script>\n<!-- \/ Yoast SEO plugin. -->","yoast_head_json":{"title":"Estate in Toscana - Blu Garda Tours","robots":{"index":"index","follow":"follow","max-snippet":"max-snippet:-1","max-image-preview":"max-image-preview:large","max-video-preview":"max-video-preview:-1"},"canonical":"https:\/\/blugardatours.de\/it\/tour\/estate-toscana\/","og_locale":"it_IT","og_type":"article","og_title":"Estate in Toscana - Blu Garda Tours","og_description":"Un'estate in Toscana \u00e8 un invito a godersi la vita.  I paesaggi vividi, gli immensi campi di girasoli in piena fioritura, i tipici profumi mediterranei carichi di oleandri, gelsomini, rose e le erbe selvatiche della macchia mediterranea.  \u2026 Il pittoresco entroterra e poi assaggiare le prelibatezze locali all'ombra degli alberi in un vigneto.  \u2026 Alcune delle spiagge pi\u00f9 belle d'Italia e uno dei luoghi di vacanza preferiti dell'alta societ\u00e0 italiana.  \u2026 Gallerie d'arte visitabili in pace e tranquillit\u00e0 durante i mesi estivi.  Sistemazione in ottimo hotel 4 * a Montecatini Terme con tutte le camere rinnovate! Posizione perfetta in centro ideale per fare shopping e passeggiare ea pochi passi dalle famose terme di Montecatini","og_url":"https:\/\/blugardatours.de\/it\/tour\/estate-toscana\/","og_site_name":"Blu Garda Tours","article_modified_time":"2021-06-03T10:03:03+00:00","og_image":[{"width":933,"height":699,"url":"https:\/\/blugardatours.de\/wp-content\/uploads\/2021\/05\/prosecco-strasse.jpg","type":"image\/jpeg"}],"twitter_card":"summary_large_image","twitter_misc":{"Tempo di lettura stimato":"5 minuti"},"schema":{"@context":"https:\/\/schema.org","@graph":[{"@type":"WebSite","@id":"https:\/\/darkorchid-leopard-910628.hostingersite.com\/#website","url":"https:\/\/darkorchid-leopard-910628.hostingersite.com\/","name":"Blu Garda Tours","description":"Gruppenreisen in Italien","potentialAction":[{"@type":"SearchAction","target":{"@type":"EntryPoint","urlTemplate":"https:\/\/darkorchid-leopard-910628.hostingersite.com\/?s={search_term_string}"},"query-input":"required name=search_term_string"}],"inLanguage":"it-IT"},{"@type":"ImageObject","@id":"https:\/\/blugardatours.de\/it\/tour\/estate-toscana\/#primaryimage","inLanguage":"it-IT","url":"https:\/\/blugardatours.de\/wp-content\/uploads\/2021\/05\/prosecco-strasse.jpg","contentUrl":"https:\/\/blugardatours.de\/wp-content\/uploads\/2021\/05\/prosecco-strasse.jpg","width":933,"height":699},{"@type":"WebPage","@id":"https:\/\/blugardatours.de\/it\/tour\/estate-toscana\/#webpage","url":"https:\/\/blugardatours.de\/it\/tour\/estate-toscana\/","name":"Estate in Toscana - Blu Garda Tours","isPartOf":{"@id":"https:\/\/darkorchid-leopard-910628.hostingersite.com\/#website"},"primaryImageOfPage":{"@id":"https:\/\/blugardatours.de\/it\/tour\/estate-toscana\/#primaryimage"},"datePublished":"2021-05-19T09:28:17+00:00","dateModified":"2021-06-03T10:03:03+00:00","breadcrumb":{"@id":"https:\/\/blugardatours.de\/it\/tour\/estate-toscana\/#breadcrumb"},"inLanguage":"it-IT","potentialAction":[{"@type":"ReadAction","target":["https:\/\/blugardatours.de\/it\/tour\/estate-toscana\/"]}]},{"@type":"BreadcrumbList","@id":"https:\/\/blugardatours.de\/it\/tour\/estate-toscana\/#breadcrumb","itemListElement":[{"@type":"ListItem","position":1,"name":"Home","item":"https:\/\/blugardatours.de\/it\/"},{"@type":"ListItem","position":2,"name":"Our Tours","item":"https:\/\/blugardatours.de\/tour\/"},{"@type":"ListItem","position":3,"name":"Estate in Toscana"}]}]}},"_links":{"self":[{"href":"https:\/\/blugardatours.de\/it\/wp-json\/wp\/v2\/product\/14252","targetHints":{"allow":["GET"]}}],"collection":[{"href":"https:\/\/blugardatours.de\/it\/wp-json\/wp\/v2\/product"}],"about":[{"href":"https:\/\/blugardatours.de\/it\/wp-json\/wp\/v2\/types\/product"}],"wp:featuredmedia":[{"embeddable":true,"href":"https:\/\/blugardatours.de\/it\/wp-json\/wp\/v2\/media\/14760"}],"wp:attachment":[{"href":"https:\/\/blugardatours.de\/it\/wp-json\/wp\/v2\/media?parent=14252"}],"wp:term":[{"taxonomy":"product_cat","embeddable":true,"href":"https:\/\/blugardatours.de\/it\/wp-json\/wp\/v2\/product_cat?post=14252"},{"taxonomy":"product_tag","embeddable":true,"href":"https:\/\/blugardatours.de\/it\/wp-json\/wp\/v2\/product_tag?post=14252"}],"curies":[{"name":"wp","href":"https:\/\/api.w.org\/{rel}","templated":true}]}}